{"id":39740,"date":"2023-07-24T20:08:03","date_gmt":"2023-07-24T20:08:03","guid":{"rendered":"https:\/\/business-one.local\/?page_id=7"},"modified":"2023-07-24T20:08:03","modified_gmt":"2023-07-24T20:08:03","slug":"home","status":"publish","type":"page","link":"https:\/\/studio-druku3d.pl\/","title":{"rendered":"Home"},"content":{"rendered":"\n<div class=\"gb-element-c5c3024d\">\n<div><div >\n<div class=\"gb-loop-item post-1 post type-post status-publish format-standard hentry category-bez-kategorii\">\n\n\n<div class=\"gb-element-482720dc\"><\/div>\n\n\n\n<div class=\"gb-element-6ea823d4\">\n<div class=\"gb-element-3af50bf5\">\n<div class=\"gb-element-11b0eb94\">\n<div class=\"gb-text gb-text-6805289e\"><a href=\"https:\/\/studio-druku3d.pl\/index.php\/category\/bez-kategorii\/\" rel=\"tag\">Bez kategorii<\/a><\/div>\n<\/div>\n\n\n\n<h1 class=\"gb-text gb-text-f7ae6ccf\"><a href=\"https:\/\/studio-druku3d.pl\/index.php\/2025\/12\/05\/witaj-swiecie\/\">Witaj, \u015bwiecie!<\/a><\/h1>\n\n\n\n<p class=\"gb-text gb-text-82eb0fd8\">Witamy w WordPressie. To jest tw\u00f3j pierwszy wpis. Edytuj go lub usu\u0144, a nast\u0119pnie zacznij pisa\u0107!<\/p>\n\n\n\n<a class=\"gb-text gb-text-9dbddb04\" href=\"https:\/\/studio-druku3d.pl\/index.php\/2025\/12\/05\/witaj-swiecie\/\">Read More<\/a>\n<\/div>\n<\/div>\n<\/div>\n<\/div><\/div>\n\n\n\n<div class=\"gb-query-f66e6277\"><\/div>\n<\/div>\n\n\n\n<div class=\"gb-element-f44477c5\">\n<div class=\"gb-element-db08f3d6\">\n<h2 class=\"gb-text-ce385660\"><span class=\"gb-shape\"><svg xmlns=\"http:\/\/www.w3.org\/2000\/svg\" viewBox=\"0 0 21.17 32.19\"><path d=\"M0 32.19 11.72 0h9.46L9.46 32.19H0Z\"><\/path><\/svg><\/span><span class=\"gb-text\">Latest Articles<\/span><\/h2>\n\n\n\n<div><div class=\"gb-looper-e8a19db8\">\n<div class=\"gb-loop-item gb-loop-item-bfca2c91 post-47529 post type-post status-publish format-standard has-post-thumbnail hentry category-business category-technology tag-featured\">\n<div class=\"gb-element-7efc952d\">\n<img loading=\"lazy\" decoding=\"async\" width=\"768\" height=\"432\" alt=\"Featured image placeholder 16:9\" data-media-id=\"47511\" class=\"gb-media-a80a97dd\" src=\"https:\/\/studio-druku3d.pl\/wp-content\/uploads\/2025\/03\/placeholder-16-9-ratio-768x432.jpg\" srcset=\"https:\/\/studio-druku3d.pl\/wp-content\/uploads\/2025\/03\/placeholder-16-9-ratio-768x432.jpg 768w, https:\/\/studio-druku3d.pl\/wp-content\/uploads\/2025\/03\/placeholder-16-9-ratio-300x169.jpg 300w, https:\/\/studio-druku3d.pl\/wp-content\/uploads\/2025\/03\/placeholder-16-9-ratio-1024x576.jpg 1024w, https:\/\/studio-druku3d.pl\/wp-content\/uploads\/2025\/03\/placeholder-16-9-ratio-1536x864.jpg 1536w, https:\/\/studio-druku3d.pl\/wp-content\/uploads\/2025\/03\/placeholder-16-9-ratio.jpg 1600w\" sizes=\"auto, (max-width: 768px) 100vw, 768px\" \/>\n\n\n\n<div class=\"gb-element-12b5617a\">\n<div class=\"gb-text gb-text-0c87f259\"><a href=\"https:\/\/studio-druku3d.pl\/index.php\/category\/business\/\" rel=\"tag\">Business<\/a><a href=\"https:\/\/studio-druku3d.pl\/index.php\/category\/technology\/\" rel=\"tag\">Technology<\/a><\/div>\n<\/div>\n<\/div>\n\n\n\n<div class=\"gb-element-aa1e1150\">\n<h3 class=\"gb-text gb-text-8b8c54c7\"><a href=\"https:\/\/studio-druku3d.pl\/index.php\/2025\/03\/27\/post-headline-with-an-engaging-title-that-includes-your-keywords\/\">Post headline with an engaging title that includes your keywords<\/a><\/h3>\n\n\n\n<p class=\"gb-text gb-text-4483d13d\">2025-03-27<\/p>\n<\/div>\n<\/div>\n\n<div class=\"gb-loop-item gb-loop-item-bfca2c91 post-47528 post type-post status-publish format-standard has-post-thumbnail hentry category-culture category-lifestyle\">\n<div class=\"gb-element-7efc952d\">\n<img loading=\"lazy\" decoding=\"async\" width=\"768\" height=\"432\" alt=\"Featured image placeholder 16:9\" data-media-id=\"47511\" class=\"gb-media-a80a97dd\" src=\"https:\/\/studio-druku3d.pl\/wp-content\/uploads\/2025\/03\/placeholder-16-9-ratio-768x432.jpg\" srcset=\"https:\/\/studio-druku3d.pl\/wp-content\/uploads\/2025\/03\/placeholder-16-9-ratio-768x432.jpg 768w, https:\/\/studio-druku3d.pl\/wp-content\/uploads\/2025\/03\/placeholder-16-9-ratio-300x169.jpg 300w, https:\/\/studio-druku3d.pl\/wp-content\/uploads\/2025\/03\/placeholder-16-9-ratio-1024x576.jpg 1024w, https:\/\/studio-druku3d.pl\/wp-content\/uploads\/2025\/03\/placeholder-16-9-ratio-1536x864.jpg 1536w, https:\/\/studio-druku3d.pl\/wp-content\/uploads\/2025\/03\/placeholder-16-9-ratio.jpg 1600w\" sizes=\"auto, (max-width: 768px) 100vw, 768px\" \/>\n\n\n\n<div class=\"gb-element-12b5617a\">\n<div class=\"gb-text gb-text-0c87f259\"><a href=\"https:\/\/studio-druku3d.pl\/index.php\/category\/culture\/\" rel=\"tag\">Culture<\/a><a href=\"https:\/\/studio-druku3d.pl\/index.php\/category\/lifestyle\/\" rel=\"tag\">Lifestyle<\/a><\/div>\n<\/div>\n<\/div>\n\n\n\n<div class=\"gb-element-aa1e1150\">\n<h3 class=\"gb-text gb-text-8b8c54c7\"><a href=\"https:\/\/studio-druku3d.pl\/index.php\/2025\/03\/27\/post-headline-with-an-engaging-title-that-includes-your-keywords-3\/\">Post headline with an engaging title that includes your keywords<\/a><\/h3>\n\n\n\n<p class=\"gb-text gb-text-4483d13d\">2025-03-27<\/p>\n<\/div>\n<\/div>\n\n<div class=\"gb-loop-item gb-loop-item-bfca2c91 post-47527 post type-post status-publish format-standard has-post-thumbnail hentry category-niche category-politics\">\n<div class=\"gb-element-7efc952d\">\n<img loading=\"lazy\" decoding=\"async\" width=\"768\" height=\"432\" alt=\"Featured image placeholder 16:9\" data-media-id=\"47511\" class=\"gb-media-a80a97dd\" src=\"https:\/\/studio-druku3d.pl\/wp-content\/uploads\/2025\/03\/placeholder-16-9-ratio-768x432.jpg\" srcset=\"https:\/\/studio-druku3d.pl\/wp-content\/uploads\/2025\/03\/placeholder-16-9-ratio-768x432.jpg 768w, https:\/\/studio-druku3d.pl\/wp-content\/uploads\/2025\/03\/placeholder-16-9-ratio-300x169.jpg 300w, https:\/\/studio-druku3d.pl\/wp-content\/uploads\/2025\/03\/placeholder-16-9-ratio-1024x576.jpg 1024w, https:\/\/studio-druku3d.pl\/wp-content\/uploads\/2025\/03\/placeholder-16-9-ratio-1536x864.jpg 1536w, https:\/\/studio-druku3d.pl\/wp-content\/uploads\/2025\/03\/placeholder-16-9-ratio.jpg 1600w\" sizes=\"auto, (max-width: 768px) 100vw, 768px\" \/>\n\n\n\n<div class=\"gb-element-12b5617a\">\n<div class=\"gb-text gb-text-0c87f259\"><a href=\"https:\/\/studio-druku3d.pl\/index.php\/category\/niche\/\" rel=\"tag\">Niche<\/a><a href=\"https:\/\/studio-druku3d.pl\/index.php\/category\/politics\/\" rel=\"tag\">Politics<\/a><\/div>\n<\/div>\n<\/div>\n\n\n\n<div class=\"gb-element-aa1e1150\">\n<h3 class=\"gb-text gb-text-8b8c54c7\"><a href=\"https:\/\/studio-druku3d.pl\/index.php\/2025\/03\/27\/post-headline-with-an-engaging-title-that-includes-your-keywords-4\/\">Post headline with an engaging title that includes your keywords<\/a><\/h3>\n\n\n\n<p class=\"gb-text gb-text-4483d13d\">2025-03-27<\/p>\n<\/div>\n<\/div>\n\n<div class=\"gb-loop-item gb-loop-item-bfca2c91 post-47526 post type-post status-publish format-standard has-post-thumbnail hentry category-business category-technology\">\n<div class=\"gb-element-7efc952d\">\n<img loading=\"lazy\" decoding=\"async\" width=\"768\" height=\"432\" alt=\"Featured image placeholder 16:9\" data-media-id=\"47511\" class=\"gb-media-a80a97dd\" src=\"https:\/\/studio-druku3d.pl\/wp-content\/uploads\/2025\/03\/placeholder-16-9-ratio-768x432.jpg\" srcset=\"https:\/\/studio-druku3d.pl\/wp-content\/uploads\/2025\/03\/placeholder-16-9-ratio-768x432.jpg 768w, https:\/\/studio-druku3d.pl\/wp-content\/uploads\/2025\/03\/placeholder-16-9-ratio-300x169.jpg 300w, https:\/\/studio-druku3d.pl\/wp-content\/uploads\/2025\/03\/placeholder-16-9-ratio-1024x576.jpg 1024w, https:\/\/studio-druku3d.pl\/wp-content\/uploads\/2025\/03\/placeholder-16-9-ratio-1536x864.jpg 1536w, https:\/\/studio-druku3d.pl\/wp-content\/uploads\/2025\/03\/placeholder-16-9-ratio.jpg 1600w\" sizes=\"auto, (max-width: 768px) 100vw, 768px\" \/>\n\n\n\n<div class=\"gb-element-12b5617a\">\n<div class=\"gb-text gb-text-0c87f259\"><a href=\"https:\/\/studio-druku3d.pl\/index.php\/category\/business\/\" rel=\"tag\">Business<\/a><a href=\"https:\/\/studio-druku3d.pl\/index.php\/category\/technology\/\" rel=\"tag\">Technology<\/a><\/div>\n<\/div>\n<\/div>\n\n\n\n<div class=\"gb-element-aa1e1150\">\n<h3 class=\"gb-text gb-text-8b8c54c7\"><a href=\"https:\/\/studio-druku3d.pl\/index.php\/2025\/03\/27\/post-headline-with-an-engaging-title-that-includes-your-keywords-5\/\">Post headline with an engaging title that includes your keywords<\/a><\/h3>\n\n\n\n<p class=\"gb-text gb-text-4483d13d\">2025-03-27<\/p>\n<\/div>\n<\/div>\n\n<div class=\"gb-loop-item gb-loop-item-bfca2c91 post-47525 post type-post status-publish format-standard has-post-thumbnail hentry category-culture category-lifestyle\">\n<div class=\"gb-element-7efc952d\">\n<img loading=\"lazy\" decoding=\"async\" width=\"768\" height=\"432\" alt=\"Featured image placeholder 16:9\" data-media-id=\"47511\" class=\"gb-media-a80a97dd\" src=\"https:\/\/studio-druku3d.pl\/wp-content\/uploads\/2025\/03\/placeholder-16-9-ratio-768x432.jpg\" srcset=\"https:\/\/studio-druku3d.pl\/wp-content\/uploads\/2025\/03\/placeholder-16-9-ratio-768x432.jpg 768w, https:\/\/studio-druku3d.pl\/wp-content\/uploads\/2025\/03\/placeholder-16-9-ratio-300x169.jpg 300w, https:\/\/studio-druku3d.pl\/wp-content\/uploads\/2025\/03\/placeholder-16-9-ratio-1024x576.jpg 1024w, https:\/\/studio-druku3d.pl\/wp-content\/uploads\/2025\/03\/placeholder-16-9-ratio-1536x864.jpg 1536w, https:\/\/studio-druku3d.pl\/wp-content\/uploads\/2025\/03\/placeholder-16-9-ratio.jpg 1600w\" sizes=\"auto, (max-width: 768px) 100vw, 768px\" \/>\n\n\n\n<div class=\"gb-element-12b5617a\">\n<div class=\"gb-text gb-text-0c87f259\"><a href=\"https:\/\/studio-druku3d.pl\/index.php\/category\/culture\/\" rel=\"tag\">Culture<\/a><a href=\"https:\/\/studio-druku3d.pl\/index.php\/category\/lifestyle\/\" rel=\"tag\">Lifestyle<\/a><\/div>\n<\/div>\n<\/div>\n\n\n\n<div class=\"gb-element-aa1e1150\">\n<h3 class=\"gb-text gb-text-8b8c54c7\"><a href=\"https:\/\/studio-druku3d.pl\/index.php\/2025\/03\/27\/post-headline-with-an-engaging-title-that-includes-your-keywords-6\/\">Post headline with an engaging title that includes your keywords<\/a><\/h3>\n\n\n\n<p class=\"gb-text gb-text-4483d13d\">2025-03-27<\/p>\n<\/div>\n<\/div>\n\n<div class=\"gb-loop-item gb-loop-item-bfca2c91 post-47524 post type-post status-publish format-standard has-post-thumbnail hentry category-niche category-politics\">\n<div class=\"gb-element-7efc952d\">\n<img loading=\"lazy\" decoding=\"async\" width=\"768\" height=\"432\" alt=\"Featured image placeholder 16:9\" data-media-id=\"47511\" class=\"gb-media-a80a97dd\" src=\"https:\/\/studio-druku3d.pl\/wp-content\/uploads\/2025\/03\/placeholder-16-9-ratio-768x432.jpg\" srcset=\"https:\/\/studio-druku3d.pl\/wp-content\/uploads\/2025\/03\/placeholder-16-9-ratio-768x432.jpg 768w, https:\/\/studio-druku3d.pl\/wp-content\/uploads\/2025\/03\/placeholder-16-9-ratio-300x169.jpg 300w, https:\/\/studio-druku3d.pl\/wp-content\/uploads\/2025\/03\/placeholder-16-9-ratio-1024x576.jpg 1024w, https:\/\/studio-druku3d.pl\/wp-content\/uploads\/2025\/03\/placeholder-16-9-ratio-1536x864.jpg 1536w, https:\/\/studio-druku3d.pl\/wp-content\/uploads\/2025\/03\/placeholder-16-9-ratio.jpg 1600w\" sizes=\"auto, (max-width: 768px) 100vw, 768px\" \/>\n\n\n\n<div class=\"gb-element-12b5617a\">\n<div class=\"gb-text gb-text-0c87f259\"><a href=\"https:\/\/studio-druku3d.pl\/index.php\/category\/niche\/\" rel=\"tag\">Niche<\/a><a href=\"https:\/\/studio-druku3d.pl\/index.php\/category\/politics\/\" rel=\"tag\">Politics<\/a><\/div>\n<\/div>\n<\/div>\n\n\n\n<div class=\"gb-element-aa1e1150\">\n<h3 class=\"gb-text gb-text-8b8c54c7\"><a href=\"https:\/\/studio-druku3d.pl\/index.php\/2025\/03\/27\/post-headline-with-an-engaging-title-that-includes-your-keywords-7\/\">Post headline with an engaging title that includes your keywords<\/a><\/h3>\n\n\n\n<p class=\"gb-text gb-text-4483d13d\">2025-03-27<\/p>\n<\/div>\n<\/div>\n<\/div><\/div>\n<\/div>\n<\/div>\n\n\n\n<div class=\"gb-element-7df55512\">\n<div class=\"gb-element-9cfe725e\">\n<h2 class=\"gb-text gb-text-599b87ae\">Don&#8217;t miss out on our latest articles<\/h2>\n\n\n\n<p class=\"gb-text gb-text-86ce4ab9\">Sign up to receive the latest articles right in your inbox.<\/p>\n\n\n\n<div class=\"gb-element-6d46bd01\">\n<div class=\"gbp--border-radius gb-element-5d48578c\">\n<p class=\"gb-text gbp-section__text--sm gb-text-ae8fbde9\">email address<\/p>\n<\/div>\n\n\n\n<div class=\"gb-element-1ca6dcb7\">\n<a class=\"gb-text gb-text-406f209c\" href=\"#\">Sign Me Up<\/a>\n<\/div>\n<\/div>\n\n\n\n<p class=\"gb-text gb-text-db35e425\">*Replace this mock form with your preferred form plugin<\/p>\n<\/div>\n<\/div>\n\n\n\n<div class=\"gb-element-dff48cce\">\n<div class=\"gb-element-e0a202f0\">\n<div class=\"gb-element-b6d72239\">\n<div class=\"gb-element-91047adc\">\n<h3 class=\"gb-text-d3e25bf6\"><span class=\"gb-shape\"><svg xmlns=\"http:\/\/www.w3.org\/2000\/svg\" viewBox=\"0 0 21.17 32.19\"><path d=\"M0 32.19 11.72 0h9.46L9.46 32.19H0Z\"><\/path><\/svg><\/span><span class=\"gb-text\">Business<\/span><\/h3>\n\n\n\n<div><\/div>\n<\/div>\n\n\n\n<div class=\"gb-element-e348730c\">\n<h3 class=\"gb-text-8e982819\"><span class=\"gb-shape\"><svg xmlns=\"http:\/\/www.w3.org\/2000\/svg\" viewBox=\"0 0 21.17 32.19\"><path d=\"M0 32.19 11.72 0h9.46L9.46 32.19H0Z\"><\/path><\/svg><\/span><span class=\"gb-text\">Culture<\/span><\/h3>\n\n\n\n<div><\/div>\n<\/div>\n\n\n\n<div class=\"gb-element-b0b30f2f\">\n<h3 class=\"gb-text-68f9302a\"><span class=\"gb-shape\"><svg xmlns=\"http:\/\/www.w3.org\/2000\/svg\" viewBox=\"0 0 21.17 32.19\"><path d=\"M0 32.19 11.72 0h9.46L9.46 32.19H0Z\"><\/path><\/svg><\/span><span class=\"gb-text\">Politics<\/span><\/h3>\n\n\n\n<div><\/div>\n<\/div>\n\n\n\n<div class=\"gb-element-9acd547a\">\n<h3 class=\"gb-text-d0efb1c2\"><span class=\"gb-shape\"><svg xmlns=\"http:\/\/www.w3.org\/2000\/svg\" viewBox=\"0 0 21.17 32.19\"><path d=\"M0 32.19 11.72 0h9.46L9.46 32.19H0Z\"><\/path><\/svg><\/span><span class=\"gb-text\">Technology<\/span><\/h3>\n\n\n\n<div><\/div>\n<\/div>\n<\/div>\n<\/div>\n<\/div>\n\n\n\n<div class=\"gb-element-9fe3b45c\">\n<div class=\"gb-element-2d2d8f3a\">\n<h2 class=\"gb-text\">Reach out for guest article or sponsorship opportunities<\/h2>\n\n\n\n<p class=\"gb-text\">Lorem ipsum amet elit morbi dolor tortor. Vivamus eget mollis nostra ullam corper. <\/p>\n\n\n\n<a class=\"gb-text gb-text-dd498259\" href=\"https:\/\/sites.generatepress.com\/archive\/contact\/\">Contact Us<\/a>\n<\/div>\n<\/div>\n","protected":false},"excerpt":{"rendered":"<p>Latest Articles Don&#8217;t miss out on our latest articles Sign up to receive the latest articles right in your inbox. email address Sign Me Up *Replace this mock form with your preferred form plugin Business Culture Politics Technology Reach out for guest article or sponsorship opportunities Lorem ipsum amet elit morbi dolor tortor. Vivamus eget &#8230; <a title=\"Home\" class=\"read-more\" href=\"https:\/\/studio-druku3d.pl\/\" aria-label=\"Dowiedz si\u0119 wi\u0119cej o Home\">Czytaj dalej<\/a><\/p>\n","protected":false},"author":0,"featured_media":0,"parent":0,"menu_order":0,"comment_status":"closed","ping_status":"closed","template":"","meta":{"footnotes":""},"class_list":["post-39740","page","type-page","status-publish"],"yoast_head":"<!-- This site is optimized with the Yoast SEO plugin v26.5 - https:\/\/yoast.com\/wordpress\/plugins\/seo\/ -->\n<title>Home - Studio Druku 3d<\/title>\n<meta name=\"robots\" content=\"noindex, follow, max-snippet:-1, max-image-preview:large, max-video-preview:-1\" \/>\n<meta property=\"og:locale\" content=\"pl_PL\" \/>\n<meta property=\"og:type\" content=\"article\" \/>\n<meta property=\"og:title\" content=\"Home - Studio Druku 3d\" \/>\n<meta property=\"og:description\" content=\"Latest Articles Don&#8217;t miss out on our latest articles Sign up to receive the latest articles right in your inbox. email address Sign Me Up *Replace this mock form with your preferred form plugin Business Culture Politics Technology Reach out for guest article or sponsorship opportunities Lorem ipsum amet elit morbi dolor tortor. Vivamus eget ... Czytaj dalej\" \/>\n<meta property=\"og:url\" content=\"https:\/\/studio-druku3d.pl\/\" \/>\n<meta property=\"og:site_name\" content=\"Studio Druku 3d\" \/>\n<meta name=\"twitter:card\" content=\"summary_large_image\" \/>\n<meta name=\"twitter:label1\" content=\"Szacowany czas czytania\" \/>\n\t<meta name=\"twitter:data1\" content=\"1 minuta\" \/>\n<script type=\"application\/ld+json\" class=\"yoast-schema-graph\">{\"@context\":\"https:\/\/schema.org\",\"@graph\":[{\"@type\":\"WebPage\",\"@id\":\"https:\/\/studio-druku3d.pl\/\",\"url\":\"https:\/\/studio-druku3d.pl\/\",\"name\":\"Home - Studio Druku 3d\",\"isPartOf\":{\"@id\":\"https:\/\/studio-druku3d.pl\/#website\"},\"datePublished\":\"2023-07-24T20:08:03+00:00\",\"breadcrumb\":{\"@id\":\"https:\/\/studio-druku3d.pl\/#breadcrumb\"},\"inLanguage\":\"pl-PL\",\"potentialAction\":[{\"@type\":\"ReadAction\",\"target\":[\"https:\/\/studio-druku3d.pl\/\"]}]},{\"@type\":\"BreadcrumbList\",\"@id\":\"https:\/\/studio-druku3d.pl\/#breadcrumb\",\"itemListElement\":[{\"@type\":\"ListItem\",\"position\":1,\"name\":\"Strona g\u0142\u00f3wna\",\"item\":\"https:\/\/studio-druku3d.pl\/\"},{\"@type\":\"ListItem\",\"position\":2,\"name\":\"Home\"}]},{\"@type\":\"WebSite\",\"@id\":\"https:\/\/studio-druku3d.pl\/#website\",\"url\":\"https:\/\/studio-druku3d.pl\/\",\"name\":\"Studio Druku 3d\",\"description\":\"\",\"publisher\":{\"@id\":\"https:\/\/studio-druku3d.pl\/#organization\"},\"potentialAction\":[{\"@type\":\"SearchAction\",\"target\":{\"@type\":\"EntryPoint\",\"urlTemplate\":\"https:\/\/studio-druku3d.pl\/?s={search_term_string}\"},\"query-input\":{\"@type\":\"PropertyValueSpecification\",\"valueRequired\":true,\"valueName\":\"search_term_string\"}}],\"inLanguage\":\"pl-PL\"},{\"@type\":\"Organization\",\"@id\":\"https:\/\/studio-druku3d.pl\/#organization\",\"name\":\"Studio Druku 3d\",\"url\":\"https:\/\/studio-druku3d.pl\/\",\"logo\":{\"@type\":\"ImageObject\",\"inLanguage\":\"pl-PL\",\"@id\":\"https:\/\/studio-druku3d.pl\/#\/schema\/logo\/image\/\",\"url\":\"https:\/\/studio-druku3d.pl\/wp-content\/uploads\/2025\/12\/archive.svg\",\"contentUrl\":\"https:\/\/studio-druku3d.pl\/wp-content\/uploads\/2025\/12\/archive.svg\",\"width\":219,\"height\":44,\"caption\":\"Studio Druku 3d\"},\"image\":{\"@id\":\"https:\/\/studio-druku3d.pl\/#\/schema\/logo\/image\/\"}}]}<\/script>\n<!-- \/ Yoast SEO plugin. -->","yoast_head_json":{"title":"Home - Studio Druku 3d","robots":{"index":"noindex","follow":"follow","max-snippet":"max-snippet:-1","max-image-preview":"max-image-preview:large","max-video-preview":"max-video-preview:-1"},"og_locale":"pl_PL","og_type":"article","og_title":"Home - Studio Druku 3d","og_description":"Latest Articles Don&#8217;t miss out on our latest articles Sign up to receive the latest articles right in your inbox. email address Sign Me Up *Replace this mock form with your preferred form plugin Business Culture Politics Technology Reach out for guest article or sponsorship opportunities Lorem ipsum amet elit morbi dolor tortor. Vivamus eget ... Czytaj dalej","og_url":"https:\/\/studio-druku3d.pl\/","og_site_name":"Studio Druku 3d","twitter_card":"summary_large_image","twitter_misc":{"Szacowany czas czytania":"1 minuta"},"schema":{"@context":"https:\/\/schema.org","@graph":[{"@type":"WebPage","@id":"https:\/\/studio-druku3d.pl\/","url":"https:\/\/studio-druku3d.pl\/","name":"Home - Studio Druku 3d","isPartOf":{"@id":"https:\/\/studio-druku3d.pl\/#website"},"datePublished":"2023-07-24T20:08:03+00:00","breadcrumb":{"@id":"https:\/\/studio-druku3d.pl\/#breadcrumb"},"inLanguage":"pl-PL","potentialAction":[{"@type":"ReadAction","target":["https:\/\/studio-druku3d.pl\/"]}]},{"@type":"BreadcrumbList","@id":"https:\/\/studio-druku3d.pl\/#breadcrumb","itemListElement":[{"@type":"ListItem","position":1,"name":"Strona g\u0142\u00f3wna","item":"https:\/\/studio-druku3d.pl\/"},{"@type":"ListItem","position":2,"name":"Home"}]},{"@type":"WebSite","@id":"https:\/\/studio-druku3d.pl\/#website","url":"https:\/\/studio-druku3d.pl\/","name":"Studio Druku 3d","description":"","publisher":{"@id":"https:\/\/studio-druku3d.pl\/#organization"},"potentialAction":[{"@type":"SearchAction","target":{"@type":"EntryPoint","urlTemplate":"https:\/\/studio-druku3d.pl\/?s={search_term_string}"},"query-input":{"@type":"PropertyValueSpecification","valueRequired":true,"valueName":"search_term_string"}}],"inLanguage":"pl-PL"},{"@type":"Organization","@id":"https:\/\/studio-druku3d.pl\/#organization","name":"Studio Druku 3d","url":"https:\/\/studio-druku3d.pl\/","logo":{"@type":"ImageObject","inLanguage":"pl-PL","@id":"https:\/\/studio-druku3d.pl\/#\/schema\/logo\/image\/","url":"https:\/\/studio-druku3d.pl\/wp-content\/uploads\/2025\/12\/archive.svg","contentUrl":"https:\/\/studio-druku3d.pl\/wp-content\/uploads\/2025\/12\/archive.svg","width":219,"height":44,"caption":"Studio Druku 3d"},"image":{"@id":"https:\/\/studio-druku3d.pl\/#\/schema\/logo\/image\/"}}]}},"_links":{"self":[{"href":"https:\/\/studio-druku3d.pl\/index.php\/wp-json\/wp\/v2\/pages\/39740","targetHints":{"allow":["GET"]}}],"collection":[{"href":"https:\/\/studio-druku3d.pl\/index.php\/wp-json\/wp\/v2\/pages"}],"about":[{"href":"https:\/\/studio-druku3d.pl\/index.php\/wp-json\/wp\/v2\/types\/page"}],"replies":[{"embeddable":true,"href":"https:\/\/studio-druku3d.pl\/index.php\/wp-json\/wp\/v2\/comments?post=39740"}],"version-history":[{"count":0,"href":"https:\/\/studio-druku3d.pl\/index.php\/wp-json\/wp\/v2\/pages\/39740\/revisions"}],"wp:attachment":[{"href":"https:\/\/studio-druku3d.pl\/index.php\/wp-json\/wp\/v2\/media?parent=39740"}],"curies":[{"name":"wp","href":"https:\/\/api.w.org\/{rel}","templated":true}]}}